{"id":2554,"date":"2016-08-25T10:16:54","date_gmt":"2016-08-25T10:16:54","guid":{"rendered":"https:\/\/alonsorent.rs\/?page_id=2554&#038;lang=sr"},"modified":"2024-12-18T16:13:09","modified_gmt":"2024-12-18T16:13:09","slug":"kontakt","status":"publish","type":"page","link":"https:\/\/alonsorent.rs\/en\/kontakt\/","title":{"rendered":"Contact"},"content":{"rendered":"<div class=\"vc_row wpb_row vc_row-fluid\"><div class=\"wpb_column vc_column_container vc_col-sm-6\"><div class=\"vc_column-inner\"><div class=\"wpb_wrapper\">\n\t<div class=\"wpb_text_column wpb_content_element\" >\n\t\t<div class=\"wpb_wrapper\">\n\t\t\t<p>For reservations, questions and information, please contact us<\/p>\n<p><strong style=\"font-size: 1.5em;\">ALONSO TRADE DOO<\/strong><\/p>\n<div class=\"block-punches formatted marked\">\n<p class=\"block-punches\">Aleksandra Dub\u010deka 12, 11080 Beograd-Zemun, Srbija<\/p>\n<p>&nbsp;<\/p>\n<p class=\"block-punches\">Collection and return of the vehicle at Prve Pruge 35D, 11080 Belgrade<\/p>\n<p class=\"block-punches\">Reservations <a href=\"tel: 381641128999\">+381 64 1128999<\/a><\/p>\n<p class=\"block-punches\">Collection and return <a href=\"tel: 381638513300\">+381 63 8513300<\/a> \/\u00a0<a href=\"tel: 381638513322\">+381 63 8513322<\/a><\/p>\n<p class=\"block-punches\">Call, SMS, Viber &amp; WhatsApp<\/p>\n<p class=\"block-punches\">E-mail: <a href=\"mailto:alonsobgd@gmail.com\">alonsobgd@gmail.com<\/a><\/p>\n<p>Working Hours:<\/p>\n<\/div>\n<div>Monday - Friday 09-17h<br \/>\nSaturday 10-12h (on-call)<br \/>\nSunday 18-20h (on-call)<\/div>\n\n\t\t<\/div>\n\t<\/div>\n<\/div><\/div><\/div><div class=\"wpb_column vc_column_container vc_col-sm-6\"><div class=\"vc_column-inner\"><div class=\"wpb_wrapper\">\n\t<div class=\"wpb_text_column wpb_content_element\" >\n\t\t<div class=\"wpb_wrapper\">\n\t\t\t<div class=\"mapouter\">\n<div class=\"gmap_canvas\">\n<p><iframe loading=\"lazy\" id=\"gmap_canvas\" src=\"https:\/\/maps.google.com\/maps?q=alonso%20rent%20a%20car%20Beograd%2011080&amp;t=&amp;z=19&amp;ie=UTF8&amp;iwloc=&amp;output=embed\" width=\"600\" height=\"600\" frameborder=\"0\" marginwidth=\"0\" marginheight=\"0\" scrolling=\"no\"><\/iframe><\/p>\n<style>.mapouter{position:relative;text-align:right;height:600px;width:600px;}<\/style>\n<style>.gmap_canvas {overflow:hidden;background:none!important;height:600px;width:600px;}<\/style>\n<\/div>\n<\/div>\n\n\t\t<\/div>\n\t<\/div>\n<\/div><\/div><\/div><\/div>","protected":false},"excerpt":{"rendered":"Za rezervacije, pitanja i informacije kontaktirajte nas ALONSO TRADE DOO Aleksandra Dub\u010deka 12, 11080 Beograd-Zemun, Srbija &nbsp; Preuzimanje i vra\u0107anje vozila na adresi Prve Pruge 35D, 11080 Beograd Rezervacije +381 64 1128999 Preuzimanje i vra\u0107anje vozila +381 [...]","protected":false},"author":1,"featured_media":0,"parent":0,"menu_order":0,"comment_status":"closed","ping_status":"closed","template":"","meta":[],"yoast_head":"<!-- This site is optimized with the Yoast SEO plugin v20.11 - https:\/\/yoast.com\/wordpress\/plugins\/seo\/ -->\n<title>Kontakt - Alonso Rentacar<\/title>\n<meta name=\"robots\" content=\"index, follow, max-snippet:-1, max-image-preview:large, max-video-preview:-1\" \/>\n<link rel=\"canonical\" href=\"https:\/\/alonsorent.rs\/en\/kontakt\/\" \/>\n<meta property=\"og:locale\" content=\"en_US\" \/>\n<meta property=\"og:type\" content=\"article\" \/>\n<meta property=\"og:title\" content=\"Kontakt - Alonso Rentacar\" \/>\n<meta property=\"og:url\" content=\"https:\/\/alonsorent.rs\/en\/kontakt\/\" \/>\n<meta property=\"og:site_name\" content=\"Alonso Rentacar\" \/>\n<meta property=\"article:modified_time\" content=\"2024-12-18T16:13:09+00:00\" \/>\n<meta name=\"twitter:card\" content=\"summary_large_image\" \/>\n<meta name=\"twitter:label1\" content=\"Est. reading time\" \/>\n\t<meta name=\"twitter:data1\" content=\"1 minute\" \/>\n<script type=\"application\/ld+json\" class=\"yoast-schema-graph\">{\"@context\":\"https:\/\/schema.org\",\"@graph\":[{\"@type\":\"WebPage\",\"@id\":\"https:\/\/alonsorent.rs\/kontakt\/\",\"url\":\"https:\/\/alonsorent.rs\/kontakt\/\",\"name\":\"Kontakt - Alonso Rentacar\",\"isPartOf\":{\"@id\":\"https:\/\/alonsorent.rs\/#website\"},\"datePublished\":\"2016-08-25T10:16:54+00:00\",\"dateModified\":\"2024-12-18T16:13:09+00:00\",\"breadcrumb\":{\"@id\":\"https:\/\/alonsorent.rs\/kontakt\/#breadcrumb\"},\"inLanguage\":\"en-US\",\"potentialAction\":[{\"@type\":\"ReadAction\",\"target\":[\"https:\/\/alonsorent.rs\/kontakt\/\"]}]},{\"@type\":\"BreadcrumbList\",\"@id\":\"https:\/\/alonsorent.rs\/kontakt\/#breadcrumb\",\"itemListElement\":[{\"@type\":\"ListItem\",\"position\":1,\"name\":\"Home\",\"item\":\"https:\/\/alonsorent.rs\/\"},{\"@type\":\"ListItem\",\"position\":2,\"name\":\"Kontakt\"}]},{\"@type\":\"WebSite\",\"@id\":\"https:\/\/alonsorent.rs\/#website\",\"url\":\"https:\/\/alonsorent.rs\/\",\"name\":\"Alonso Rentacar\",\"description\":\"Just another WordPress site\",\"potentialAction\":[{\"@type\":\"SearchAction\",\"target\":{\"@type\":\"EntryPoint\",\"urlTemplate\":\"https:\/\/alonsorent.rs\/?s={search_term_string}\"},\"query-input\":\"required name=search_term_string\"}],\"inLanguage\":\"en-US\"}]}<\/script>\n<!-- \/ Yoast SEO plugin. -->","yoast_head_json":{"title":"Kontakt - Alonso Rentacar","robots":{"index":"index","follow":"follow","max-snippet":"max-snippet:-1","max-image-preview":"max-image-preview:large","max-video-preview":"max-video-preview:-1"},"canonical":"https:\/\/alonsorent.rs\/en\/kontakt\/","og_locale":"en_US","og_type":"article","og_title":"Kontakt - Alonso Rentacar","og_url":"https:\/\/alonsorent.rs\/en\/kontakt\/","og_site_name":"Alonso Rentacar","article_modified_time":"2024-12-18T16:13:09+00:00","twitter_card":"summary_large_image","twitter_misc":{"Est. reading time":"1 minute"},"schema":{"@context":"https:\/\/schema.org","@graph":[{"@type":"WebPage","@id":"https:\/\/alonsorent.rs\/kontakt\/","url":"https:\/\/alonsorent.rs\/kontakt\/","name":"Kontakt - Alonso Rentacar","isPartOf":{"@id":"https:\/\/alonsorent.rs\/#website"},"datePublished":"2016-08-25T10:16:54+00:00","dateModified":"2024-12-18T16:13:09+00:00","breadcrumb":{"@id":"https:\/\/alonsorent.rs\/kontakt\/#breadcrumb"},"inLanguage":"en-US","potentialAction":[{"@type":"ReadAction","target":["https:\/\/alonsorent.rs\/kontakt\/"]}]},{"@type":"BreadcrumbList","@id":"https:\/\/alonsorent.rs\/kontakt\/#breadcrumb","itemListElement":[{"@type":"ListItem","position":1,"name":"Home","item":"https:\/\/alonsorent.rs\/"},{"@type":"ListItem","position":2,"name":"Kontakt"}]},{"@type":"WebSite","@id":"https:\/\/alonsorent.rs\/#website","url":"https:\/\/alonsorent.rs\/","name":"Alonso Rentacar","description":"Just another WordPress site","potentialAction":[{"@type":"SearchAction","target":{"@type":"EntryPoint","urlTemplate":"https:\/\/alonsorent.rs\/?s={search_term_string}"},"query-input":"required name=search_term_string"}],"inLanguage":"en-US"}]}},"_links":{"self":[{"href":"https:\/\/alonsorent.rs\/en\/wp-json\/wp\/v2\/pages\/2554"}],"collection":[{"href":"https:\/\/alonsorent.rs\/en\/wp-json\/wp\/v2\/pages"}],"about":[{"href":"https:\/\/alonsorent.rs\/en\/wp-json\/wp\/v2\/types\/page"}],"author":[{"embeddable":true,"href":"https:\/\/alonsorent.rs\/en\/wp-json\/wp\/v2\/users\/1"}],"replies":[{"embeddable":true,"href":"https:\/\/alonsorent.rs\/en\/wp-json\/wp\/v2\/comments?post=2554"}],"version-history":[{"count":48,"href":"https:\/\/alonsorent.rs\/en\/wp-json\/wp\/v2\/pages\/2554\/revisions"}],"predecessor-version":[{"id":25398,"href":"https:\/\/alonsorent.rs\/en\/wp-json\/wp\/v2\/pages\/2554\/revisions\/25398"}],"wp:attachment":[{"href":"https:\/\/alonsorent.rs\/en\/wp-json\/wp\/v2\/media?parent=2554"}],"curies":[{"name":"wp","href":"https:\/\/api.w.org\/{rel}","templated":true}]}}