{"id":2544,"date":"2016-08-25T10:06:08","date_gmt":"2016-08-25T10:06:08","guid":{"rendered":"https:\/\/alonsorent.rs\/?page_id=2544&#038;lang=sr"},"modified":"2026-03-23T15:19:07","modified_gmt":"2026-03-23T15:19:07","slug":"o-nama","status":"publish","type":"page","link":"https:\/\/alonsorent.rs\/en\/o-nama\/","title":{"rendered":"About Us"},"content":{"rendered":"<p><strong style=\"color: #0094d2; font-size: 1.5em;\">ALONSO rent a car<\/strong><\/p>\n<div>\n<p class=\" translation-block\">The main activity of the ALONSO rent a car agency, which has been in existence and has been operating successfully since 2007, is car rental for your private or business needs, as well as for tourist trips. We also offer mini-bus passenger transport services, as well as van cargo transport services in the country and abroad.<\/p>\n<p>Our vehicle fleet consists of cars from renowned manufacturers from the economy and middle class, as well as luxury class vehicles that will make your every trip safe and comfortable. All vehicles from the offer are air-conditioned and equipped with the most modern equipment, and we pay special attention to maintaining the orderliness and cleanliness of the vehicle.<\/p>\n<p>When renting a vehicle, users must have a valid driver's license, as well as an identity card or passport. When renting a vehicle, it is necessary to leave a deposit depending on the class of the vehicle being rented, and for longer leases, vehicles are rented without a deposit. For regular customers and long-term leases, we grant a special discount.<\/p>\n<p>Preuzimanje i vra\u0107anje vozila mogu\u0107e je na Aerodormu \"Nikola Tesla\" Beograd ili na dogovorenoj adresi na teritoriji Srbije, a po dogovoru i van granica zemlje. U cenu najma uvek je uklju\u010deno kasko osiguranje bez u\u010de\u0161\u0107a, zeleni karton i AMSS pomo\u0107 na putu 00-24h. Dostava van radnog vremena na adresu u Beogradu i van Beograda\u00a0po\u00a0dogovoru.<\/p>\n<p>Uz najam vozila u nasoj agenciji  mozete besplatno dobiti pa sedi\u0161te za dete, GPS navigaciju, zimske gume, lance za sneg i drugu opremu koja Vam je potrebna.<\/p>\n<p>To all legal entities and entrepreneurs, ALONSO rent a car offers special benefits for long-term rental, as well as the possibility of \"operating leasing\", which is considered by far the most popular form of vehicle ownership in the business world. This service offers a vehicle for a certain period of time, with specified mileage, with an unchanged monthly installment. After the contract expires, the vehicle can be returned or exchanged for a new, more modern vehicle. <strong>ALONSO rent a car<\/strong> nudi posebne pogodnosti za dugoro\u010dni najam, kao i mogu\u0107nost \"operativnog lizinga\" koji se smatra daleko najpopularnijim oblikom posedovanja vozila u poslovnom svetu. Ova usluga nudi vozilo na odre\u0111eni vremenski period, sa preciziranom kilometra\u017eom, uz nepromenjenu mese\u010dnu ratu. Nakon isteka ugovora vozilo mo\u017ee da se vrati ili da se zameni za novo, modernije vozilo.<\/p>\n<p class=\" translation-block\">If you need a luxury car for a wedding or other event, ALONSO rent a car offers the possibility of renting an exclusive vehicle, exclusively with a driver. In addition to cars, we also rent vans 6 1, 8 1 with or without a driver. We also offer passenger transportation services at the best prices: airport transfers, mini-bus passenger transportation and van cargo transportation.<\/p>\n<p>Our prices are without additional and hidden costs!<\/p>\n<\/div>","protected":false},"excerpt":{"rendered":"<p>ALONSO rent a car Osnovna delatnost agencije ALONSO rent a car, koja postoji i uspe\u0161no radi od 2007. godine, je iznajmljivanje automobila za Va\u0161e privatne ili poslovne potrebe, kao i za turisti\u010dka putovanja. Tako\u0111e, u ponudi su [&hellip;]<\/p>","protected":false},"author":1,"featured_media":0,"parent":0,"menu_order":0,"comment_status":"closed","ping_status":"closed","template":"","meta":[],"yoast_head":"<!-- This site is optimized with the Yoast SEO plugin v20.11 - https:\/\/yoast.com\/wordpress\/plugins\/seo\/ -->\n<title>O Nama - Alonso Rentacar<\/title>\n<meta name=\"robots\" content=\"index, follow, max-snippet:-1, max-image-preview:large, max-video-preview:-1\" \/>\n<link rel=\"canonical\" href=\"https:\/\/alonsorent.rs\/en\/o-nama\/\" \/>\n<meta property=\"og:locale\" content=\"en_US\" \/>\n<meta property=\"og:type\" content=\"article\" \/>\n<meta property=\"og:title\" content=\"O Nama - Alonso Rentacar\" \/>\n<meta property=\"og:description\" content=\"ALONSO rent a car Osnovna delatnost agencije ALONSO rent a car, koja postoji i uspe\u0161no radi od 2007. godine, je iznajmljivanje automobila za Va\u0161e privatne ili poslovne potrebe, kao i za turisti\u010dka putovanja. Tako\u0111e, u ponudi su [&hellip;]\" \/>\n<meta property=\"og:url\" content=\"https:\/\/alonsorent.rs\/en\/o-nama\/\" \/>\n<meta property=\"og:site_name\" content=\"Alonso Rentacar\" \/>\n<meta property=\"article:modified_time\" content=\"2026-03-23T15:19:07+00:00\" \/>\n<meta name=\"twitter:card\" content=\"summary_large_image\" \/>\n<meta name=\"twitter:label1\" content=\"Est. reading time\" \/>\n\t<meta name=\"twitter:data1\" content=\"2 minutes\" \/>\n<script type=\"application\/ld+json\" class=\"yoast-schema-graph\">{\"@context\":\"https:\/\/schema.org\",\"@graph\":[{\"@type\":\"WebPage\",\"@id\":\"https:\/\/alonsorent.rs\/o-nama\/\",\"url\":\"https:\/\/alonsorent.rs\/o-nama\/\",\"name\":\"O Nama - Alonso Rentacar\",\"isPartOf\":{\"@id\":\"https:\/\/alonsorent.rs\/#website\"},\"datePublished\":\"2016-08-25T10:06:08+00:00\",\"dateModified\":\"2026-03-23T15:19:07+00:00\",\"breadcrumb\":{\"@id\":\"https:\/\/alonsorent.rs\/o-nama\/#breadcrumb\"},\"inLanguage\":\"en-US\",\"potentialAction\":[{\"@type\":\"ReadAction\",\"target\":[\"https:\/\/alonsorent.rs\/o-nama\/\"]}]},{\"@type\":\"BreadcrumbList\",\"@id\":\"https:\/\/alonsorent.rs\/o-nama\/#breadcrumb\",\"itemListElement\":[{\"@type\":\"ListItem\",\"position\":1,\"name\":\"Home\",\"item\":\"https:\/\/alonsorent.rs\/\"},{\"@type\":\"ListItem\",\"position\":2,\"name\":\"O Nama\"}]},{\"@type\":\"WebSite\",\"@id\":\"https:\/\/alonsorent.rs\/#website\",\"url\":\"https:\/\/alonsorent.rs\/\",\"name\":\"Alonso Rentacar\",\"description\":\"Just another WordPress site\",\"potentialAction\":[{\"@type\":\"SearchAction\",\"target\":{\"@type\":\"EntryPoint\",\"urlTemplate\":\"https:\/\/alonsorent.rs\/?s={search_term_string}\"},\"query-input\":\"required name=search_term_string\"}],\"inLanguage\":\"en-US\"}]}<\/script>\n<!-- \/ Yoast SEO plugin. -->","yoast_head_json":{"title":"O Nama - Alonso Rentacar","robots":{"index":"index","follow":"follow","max-snippet":"max-snippet:-1","max-image-preview":"max-image-preview:large","max-video-preview":"max-video-preview:-1"},"canonical":"https:\/\/alonsorent.rs\/en\/o-nama\/","og_locale":"en_US","og_type":"article","og_title":"O Nama - Alonso Rentacar","og_description":"ALONSO rent a car Osnovna delatnost agencije ALONSO rent a car, koja postoji i uspe\u0161no radi od 2007. godine, je iznajmljivanje automobila za Va\u0161e privatne ili poslovne potrebe, kao i za turisti\u010dka putovanja. Tako\u0111e, u ponudi su [&hellip;]","og_url":"https:\/\/alonsorent.rs\/en\/o-nama\/","og_site_name":"Alonso Rentacar","article_modified_time":"2026-03-23T15:19:07+00:00","twitter_card":"summary_large_image","twitter_misc":{"Est. reading time":"2 minutes"},"schema":{"@context":"https:\/\/schema.org","@graph":[{"@type":"WebPage","@id":"https:\/\/alonsorent.rs\/o-nama\/","url":"https:\/\/alonsorent.rs\/o-nama\/","name":"O Nama - Alonso Rentacar","isPartOf":{"@id":"https:\/\/alonsorent.rs\/#website"},"datePublished":"2016-08-25T10:06:08+00:00","dateModified":"2026-03-23T15:19:07+00:00","breadcrumb":{"@id":"https:\/\/alonsorent.rs\/o-nama\/#breadcrumb"},"inLanguage":"en-US","potentialAction":[{"@type":"ReadAction","target":["https:\/\/alonsorent.rs\/o-nama\/"]}]},{"@type":"BreadcrumbList","@id":"https:\/\/alonsorent.rs\/o-nama\/#breadcrumb","itemListElement":[{"@type":"ListItem","position":1,"name":"Home","item":"https:\/\/alonsorent.rs\/"},{"@type":"ListItem","position":2,"name":"O Nama"}]},{"@type":"WebSite","@id":"https:\/\/alonsorent.rs\/#website","url":"https:\/\/alonsorent.rs\/","name":"Alonso Rentacar","description":"Just another WordPress site","potentialAction":[{"@type":"SearchAction","target":{"@type":"EntryPoint","urlTemplate":"https:\/\/alonsorent.rs\/?s={search_term_string}"},"query-input":"required name=search_term_string"}],"inLanguage":"en-US"}]}},"_links":{"self":[{"href":"https:\/\/alonsorent.rs\/en\/wp-json\/wp\/v2\/pages\/2544"}],"collection":[{"href":"https:\/\/alonsorent.rs\/en\/wp-json\/wp\/v2\/pages"}],"about":[{"href":"https:\/\/alonsorent.rs\/en\/wp-json\/wp\/v2\/types\/page"}],"author":[{"embeddable":true,"href":"https:\/\/alonsorent.rs\/en\/wp-json\/wp\/v2\/users\/1"}],"replies":[{"embeddable":true,"href":"https:\/\/alonsorent.rs\/en\/wp-json\/wp\/v2\/comments?post=2544"}],"version-history":[{"count":14,"href":"https:\/\/alonsorent.rs\/en\/wp-json\/wp\/v2\/pages\/2544\/revisions"}],"predecessor-version":[{"id":25414,"href":"https:\/\/alonsorent.rs\/en\/wp-json\/wp\/v2\/pages\/2544\/revisions\/25414"}],"wp:attachment":[{"href":"https:\/\/alonsorent.rs\/en\/wp-json\/wp\/v2\/media?parent=2544"}],"curies":[{"name":"wp","href":"https:\/\/api.w.org\/{rel}","templated":true}]}}